{"id":483,"date":"2021-03-30T10:06:02","date_gmt":"2021-03-30T10:06:02","guid":{"rendered":"http:\/\/www.nicdarkthemes.com\/themes\/seafood\/wp\/demo\/seafood\/?page_id=483"},"modified":"2025-10-01T08:34:45","modified_gmt":"2025-10-01T08:34:45","slug":"lien-he","status":"publish","type":"page","link":"https:\/\/hospitality.123websitedev.com\/en\/lien-he\/","title":{"rendered":"Contact"},"content":{"rendered":"<div data-elementor-type=\"wp-page\" data-elementor-id=\"483\" class=\"elementor elementor-483\" data-elementor-post-type=\"page\">\n\t\t\t\t\t\t<section class=\"elementor-section elementor-top-section elementor-element elementor-element-b748679 elementor-section-stretched elementor-section-content-middle elementor-section-boxed elementor-section-height-default elementor-section-height-default\" data-id=\"b748679\" data-element_type=\"section\" data-settings=\"{&quot;stretch_section&quot;:&quot;section-stretched&quot;,&quot;background_background&quot;:&quot;classic&quot;}\">\n\t\t\t\t\t\t\t<div class=\"elementor-background-overlay\"><\/div>\n\t\t\t\t\t\t\t<div class=\"elementor-container elementor-column-gap-default\">\n\t\t\t\t\t<div class=\"elementor-column elementor-col-100 elementor-top-column elementor-element elementor-element-9f4330b\" data-id=\"9f4330b\" data-element_type=\"column\">\n\t\t\t<div class=\"elementor-widget-wrap elementor-element-populated\">\n\t\t\t\t\t\t\t<\/div>\n\t\t<\/div>\n\t\t\t\t\t<\/div>\n\t\t<\/section>\n\t\t\t\t<section class=\"elementor-section elementor-top-section elementor-element elementor-element-2398d09b elementor-section-stretched elementor-section-boxed elementor-section-height-default elementor-section-height-default\" data-id=\"2398d09b\" data-element_type=\"section\" data-settings=\"{&quot;background_background&quot;:&quot;classic&quot;,&quot;stretch_section&quot;:&quot;section-stretched&quot;}\">\n\t\t\t\t\t\t<div class=\"elementor-container elementor-column-gap-default\">\n\t\t\t\t\t<div class=\"elementor-column elementor-col-50 elementor-top-column elementor-element elementor-element-18635687\" data-id=\"18635687\" data-element_type=\"column\" data-settings=\"{&quot;background_background&quot;:&quot;classic&quot;,&quot;animation&quot;:&quot;none&quot;}\">\n\t\t\t<div class=\"elementor-widget-wrap elementor-element-populated\">\n\t\t\t\t\t\t<div class=\"elementor-element elementor-element-fd431d4 elementor-position-left elementor-vertical-align-top elementor-widget elementor-widget-image-box\" data-id=\"fd431d4\" data-element_type=\"widget\" data-widget_type=\"image-box.default\">\n\t\t\t\t<div class=\"elementor-widget-container\">\n\t\t\t<div class=\"elementor-image-box-wrapper\"><figure class=\"elementor-image-box-img\"><img fetchpriority=\"high\" decoding=\"async\" width=\"300\" height=\"300\" src=\"https:\/\/hospitality.123websitedev.com\/wp-content\/uploads\/2022\/03\/img-3-1.png\" class=\"attachment-full size-full wp-image-132\" alt=\"\" srcset=\"https:\/\/hospitality.123websitedev.com\/wp-content\/uploads\/2022\/03\/img-3-1.png 300w, https:\/\/hospitality.123websitedev.com\/wp-content\/uploads\/2022\/03\/img-3-1-100x100.png 100w, https:\/\/hospitality.123websitedev.com\/wp-content\/uploads\/2022\/03\/img-3-1-150x150.png 150w\" sizes=\"(max-width: 300px) 100vw, 300px\" \/><\/figure><div class=\"elementor-image-box-content\"><h3 class=\"elementor-image-box-title\">Reception Always Open<\/h3><p class=\"elementor-image-box-description\">Our front desk is open 24\/7 to cater to your every need. Whether you arrive early or arrive late, our friendly staff is always available to assist with check-in, check-out, reservations, and any queries to ensure your stay is convenient and comfortable.<\/p><\/div><\/div>\t\t<\/div>\n\t\t\t\t<\/div>\n\t\t\t\t\t<\/div>\n\t\t<\/div>\n\t\t\t\t<div class=\"elementor-column elementor-col-50 elementor-top-column elementor-element elementor-element-d493a14\" data-id=\"d493a14\" data-element_type=\"column\" data-settings=\"{&quot;background_background&quot;:&quot;classic&quot;,&quot;animation&quot;:&quot;none&quot;}\">\n\t\t\t<div class=\"elementor-widget-wrap elementor-element-populated\">\n\t\t\t\t\t\t<div class=\"elementor-element elementor-element-ae81686 elementor-position-left elementor-vertical-align-top elementor-widget elementor-widget-image-box\" data-id=\"ae81686\" data-element_type=\"widget\" data-widget_type=\"image-box.default\">\n\t\t\t\t<div class=\"elementor-widget-container\">\n\t\t\t<div class=\"elementor-image-box-wrapper\"><figure class=\"elementor-image-box-img\"><img decoding=\"async\" width=\"300\" height=\"300\" src=\"https:\/\/hospitality.123websitedev.com\/wp-content\/uploads\/2022\/03\/img-2-1.png\" class=\"attachment-full size-full wp-image-131\" alt=\"\" srcset=\"https:\/\/hospitality.123websitedev.com\/wp-content\/uploads\/2022\/03\/img-2-1.png 300w, https:\/\/hospitality.123websitedev.com\/wp-content\/uploads\/2022\/03\/img-2-1-100x100.png 100w, https:\/\/hospitality.123websitedev.com\/wp-content\/uploads\/2022\/03\/img-2-1-150x150.png 150w\" sizes=\"(max-width: 300px) 100vw, 300px\" \/><\/figure><div class=\"elementor-image-box-content\"><h3 class=\"elementor-image-box-title\">Online Reservations<\/h3><p class=\"elementor-image-box-description\">Book your room quickly and easily through our online system. In just a few simple steps, you can choose your room, your dates of stay and receive instant confirmation. Our online booking service saves you time and ensures safe accommodation for your stay.<\/p><\/div><\/div>\t\t<\/div>\n\t\t\t\t<\/div>\n\t\t\t\t\t<\/div>\n\t\t<\/div>\n\t\t\t\t\t<\/div>\n\t\t<\/section>\n\t\t\t\t<section class=\"elementor-section elementor-top-section elementor-element elementor-element-71433ac2 elementor-section-content-top elementor-section-stretched elementor-section-boxed elementor-section-height-default elementor-section-height-default\" data-id=\"71433ac2\" data-element_type=\"section\" data-settings=\"{&quot;stretch_section&quot;:&quot;section-stretched&quot;,&quot;background_background&quot;:&quot;classic&quot;}\">\n\t\t\t\t\t\t<div class=\"elementor-container elementor-column-gap-default\">\n\t\t\t\t\t<div class=\"elementor-column elementor-col-50 elementor-top-column elementor-element elementor-element-1a081c18\" data-id=\"1a081c18\" data-element_type=\"column\">\n\t\t\t<div class=\"elementor-widget-wrap elementor-element-populated\">\n\t\t\t\t\t\t<div class=\"elementor-element elementor-element-3ee16a89 elementor-widget elementor-widget-heading\" data-id=\"3ee16a89\" data-element_type=\"widget\" data-widget_type=\"heading.default\">\n\t\t\t\t<div class=\"elementor-widget-container\">\n\t\t\t<h3 class=\"elementor-heading-title elementor-size-default\">CONTACT US<\/h3>\t\t<\/div>\n\t\t\t\t<\/div>\n\t\t\t\t<div class=\"elementor-element elementor-element-2e36ef1 elementor-widget elementor-widget-heading\" data-id=\"2e36ef1\" data-element_type=\"widget\" data-widget_type=\"heading.default\">\n\t\t\t\t<div class=\"elementor-widget-container\">\n\t\t\t<h2 class=\"elementor-heading-title elementor-size-default\">Contact<\/h2>\t\t<\/div>\n\t\t\t\t<\/div>\n\t\t\t\t<div class=\"elementor-element elementor-element-4f5c918c elementor-widget elementor-widget-heading\" data-id=\"4f5c918c\" data-element_type=\"widget\" data-widget_type=\"heading.default\">\n\t\t\t\t<div class=\"elementor-widget-container\">\n\t\t\t<p class=\"elementor-heading-title elementor-size-default\">We are always ready to listen and support all your queries. Whether you need information about reservations, services or special requests, our friendly staff will respond quickly to ensure the most convenient and satisfying experience.<\/p>\t\t<\/div>\n\t\t\t\t<\/div>\n\t\t\t\t<div class=\"elementor-element elementor-element-133c531a elementor-align-left elementor-mobile-align-center elementor-widget elementor-widget-button\" data-id=\"133c531a\" data-element_type=\"widget\" data-widget_type=\"button.default\">\n\t\t\t\t<div class=\"elementor-widget-container\">\n\t\t\t\t\t\t\t<div class=\"elementor-button-wrapper\">\n\t\t\t\t\t<a class=\"elementor-button elementor-button-link elementor-size-sm elementor-animation-shrink\" href=\"#\">\n\t\t\t\t\t\t<span class=\"elementor-button-content-wrapper\">\n\t\t\t\t\t\t\t\t\t<span class=\"elementor-button-text\">VIEW PRICES<\/span>\n\t\t\t\t\t<\/span>\n\t\t\t\t\t<\/a>\n\t\t\t\t<\/div>\n\t\t\t\t\t\t<\/div>\n\t\t\t\t<\/div>\n\t\t\t\t\t<\/div>\n\t\t<\/div>\n\t\t\t\t<div class=\"elementor-column elementor-col-50 elementor-top-column elementor-element elementor-element-37e476f9\" data-id=\"37e476f9\" data-element_type=\"column\">\n\t\t\t<div class=\"elementor-widget-wrap elementor-element-populated\">\n\t\t\t\t\t\t<div class=\"elementor-element elementor-element-65bbc309 elementor-widget elementor-widget-cf7\" data-id=\"65bbc309\" data-element_type=\"widget\" data-widget_type=\"cf7.default\">\n\t\t\t\t<div class=\"elementor-widget-container\">\n\t\t\t\n\t\t<div class=\"nd_elements_cf7_component\">\n\t\t\t\n<div class=\"wpcf7 no-js\" id=\"wpcf7-f489-o1\" lang=\"en-US\" dir=\"ltr\" data-wpcf7-id=\"489\">\n<div class=\"screen-reader-response\"><p role=\"status\" aria-live=\"polite\" aria-atomic=\"true\"><\/p> <ul><\/ul><\/div>\n<form action=\"\/en\/wp-json\/wp\/v2\/pages\/483#wpcf7-f489-o1\" method=\"post\" class=\"wpcf7-form init\" aria-label=\"Contact form\" novalidate=\"novalidate\" data-status=\"init\" data-trp-original-action=\"\/en\/wp-json\/wp\/v2\/pages\/483#wpcf7-f489-o1\">\n<fieldset class=\"hidden-fields-container\"><input type=\"hidden\" name=\"_wpcf7\" value=\"489\" \/><input type=\"hidden\" name=\"_wpcf7_version\" value=\"6.1.1\" \/><input type=\"hidden\" name=\"_wpcf7_locale\" value=\"en_US\" \/><input type=\"hidden\" name=\"_wpcf7_unit_tag\" value=\"wpcf7-f489-o1\" \/><input type=\"hidden\" name=\"_wpcf7_container_post\" value=\"0\" \/><input type=\"hidden\" name=\"_wpcf7_posted_data_hash\" value=\"\" \/>\n<\/fieldset>\n<p><span class=\"wpcf7-form-control-wrap\" data-name=\"name-tx\"><input size=\"40\" maxlength=\"400\" class=\"wpcf7-form-control wpcf7-text\" aria-invalid=\"false\" placeholder=\"Name\" value=\"\" type=\"text\" name=\"name-tx\" \/><\/span><br \/>\n<span class=\"wpcf7-form-control-wrap\" data-name=\"email-634\"><input size=\"40\" maxlength=\"400\" class=\"wpcf7-form-control wpcf7-email wpcf7-text wpcf7-validates-as-email\" aria-invalid=\"false\" placeholder=\"Email\" value=\"\" type=\"email\" name=\"email-634\" \/><\/span><br \/>\n<span class=\"wpcf7-form-control-wrap\" data-name=\"textarea-120\"><textarea cols=\"40\" rows=\"8\" maxlength=\"2000\" class=\"wpcf7-form-control wpcf7-textarea\" aria-invalid=\"false\" placeholder=\"Message\" name=\"textarea-120\"><\/textarea><\/span><br \/>\n<input class=\"wpcf7-form-control wpcf7-submit has-spinner\" type=\"submit\" value=\"SEND\" \/>\n<\/p><div class=\"wpcf7-response-output\" aria-hidden=\"true\"><\/div>\n<input type=\"hidden\" name=\"trp-form-language\" value=\"en\"\/><\/form>\n<\/div>\n\n\t\t<\/div>\t\t<\/div>\n\t\t\t\t<\/div>\n\t\t\t\t\t<\/div>\n\t\t<\/div>\n\t\t\t\t\t<\/div>\n\t\t<\/section>\n\t\t\t\t<section class=\"elementor-section elementor-top-section elementor-element elementor-element-7515a732 elementor-section-stretched elementor-section-full_width elementor-section-height-default elementor-section-height-default\" data-id=\"7515a732\" data-element_type=\"section\" data-settings=\"{&quot;stretch_section&quot;:&quot;section-stretched&quot;}\">\n\t\t\t\t\t\t<div class=\"elementor-container elementor-column-gap-default\">\n\t\t\t\t\t<div class=\"elementor-column elementor-col-100 elementor-top-column elementor-element elementor-element-2293d129\" data-id=\"2293d129\" data-element_type=\"column\">\n\t\t\t<div class=\"elementor-widget-wrap elementor-element-populated\">\n\t\t\t\t\t\t<div class=\"elementor-element elementor-element-162fce53 elementor-widget elementor-widget-google_maps\" data-id=\"162fce53\" data-element_type=\"widget\" data-widget_type=\"google_maps.default\">\n\t\t\t\t<div class=\"elementor-widget-container\">\n\t\t\t\t\t<div class=\"elementor-custom-embed\">\n\t\t\t<iframe loading=\"lazy\"\n\t\t\t\t\tsrc=\"https:\/\/maps.google.com\/maps?q=Qu%E1%BA%ADn%20B%C3%ACnh%20Th%E1%BA%A1nh%2C%20HCM%E2%80%8B&#038;t=m&#038;z=10&#038;output=embed&#038;iwloc=near\"\n\t\t\t\t\ttitle=\"Qu\u1eadn B\u00ecnh Th\u1ea1nh, HCM\u200b\"\n\t\t\t\t\taria-label=\"Qu\u1eadn B\u00ecnh Th\u1ea1nh, HCM\u200b\"\n\t\t\t><\/iframe>\n\t\t<\/div>\n\t\t\t\t<\/div>\n\t\t\t\t<\/div>\n\t\t\t\t\t<\/div>\n\t\t<\/div>\n\t\t\t\t\t<\/div>\n\t\t<\/section>\n\t\t\t\t<section class=\"elementor-section elementor-top-section elementor-element elementor-element-7715a7e3 elementor-section-full_width elementor-section-height-default elementor-section-height-default\" data-id=\"7715a7e3\" data-element_type=\"section\">\n\t\t\t\t\t\t<div class=\"elementor-container elementor-column-gap-default\">\n\t\t\t\t\t<div class=\"elementor-column elementor-col-33 elementor-top-column elementor-element elementor-element-374c7d0\" data-id=\"374c7d0\" data-element_type=\"column\">\n\t\t\t<div class=\"elementor-widget-wrap\">\n\t\t\t\t\t\t\t<\/div>\n\t\t<\/div>\n\t\t\t\t<div class=\"elementor-column elementor-col-33 elementor-top-column elementor-element elementor-element-345a2c7d\" data-id=\"345a2c7d\" data-element_type=\"column\" data-settings=\"{&quot;background_background&quot;:&quot;classic&quot;}\">\n\t\t\t<div class=\"elementor-widget-wrap elementor-element-populated\">\n\t\t\t\t\t<div class=\"elementor-background-overlay\"><\/div>\n\t\t\t\t\t\t<div class=\"elementor-element elementor-element-47c7d5c8 elementor-widget elementor-widget-heading\" data-id=\"47c7d5c8\" data-element_type=\"widget\" data-widget_type=\"heading.default\">\n\t\t\t\t<div class=\"elementor-widget-container\">\n\t\t\t<h3 class=\"elementor-heading-title elementor-size-default\">Hotel Info<\/h3>\t\t<\/div>\n\t\t\t\t<\/div>\n\t\t\t\t<div class=\"elementor-element elementor-element-3fbc1e9b elementor-icon-list--layout-traditional elementor-list-item-link-full_width elementor-widget elementor-widget-icon-list\" data-id=\"3fbc1e9b\" data-element_type=\"widget\" data-widget_type=\"icon-list.default\">\n\t\t\t\t<div class=\"elementor-widget-container\">\n\t\t\t\t\t<ul class=\"elementor-icon-list-items\">\n\t\t\t\t\t\t\t<li class=\"elementor-icon-list-item\">\n\t\t\t\t\t\t\t\t\t\t\t<span class=\"elementor-icon-list-icon\">\n\t\t\t\t\t\t\t<svg aria-hidden=\"true\" class=\"e-font-icon-svg e-fas-map-pin\" viewbox=\"0 0 288 512\" xmlns=\"http:\/\/www.w3.org\/2000\/svg\"><path d=\"M112 316.94v156.69l22.02 33.02c4.75 7.12 15.22 7.12 19.97 0L176 473.63V316.94c-10.39 1.92-21.06 3.06-32 3.06s-21.61-1.14-32-3.06zM144 0C64.47 0 0 64.47 0 144s64.47 144 144 144 144-64.47 144-144S223.53 0 144 0zm0 76c-37.5 0-68 30.5-68 68 0 6.62-5.38 12-12 12s-12-5.38-12-12c0-50.73 41.28-92 92-92 6.62 0 12 5.38 12 12s-5.38 12-12 12z\"><\/path><\/svg>\t\t\t\t\t\t<\/span>\n\t\t\t\t\t\t\t\t\t\t<span class=\"elementor-icon-list-text\">Qu\u1eadn B\u00ecnh Th\u1ea1nh, HCM<\/span>\n\t\t\t\t\t\t\t\t\t<\/li>\n\t\t\t\t\t\t\t\t<li class=\"elementor-icon-list-item\">\n\t\t\t\t\t\t\t\t\t\t\t<span class=\"elementor-icon-list-icon\">\n\t\t\t\t\t\t\t<svg aria-hidden=\"true\" class=\"e-font-icon-svg e-fas-phone-alt\" viewbox=\"0 0 512 512\" xmlns=\"http:\/\/www.w3.org\/2000\/svg\"><path d=\"M497.39 361.8l-112-48a24 24 0 0 0-28 6.9l-49.6 60.6A370.66 370.66 0 0 1 130.6 204.11l60.6-49.6a23.94 23.94 0 0 0 6.9-28l-48-112A24.16 24.16 0 0 0 122.6.61l-104 24A24 24 0 0 0 0 48c0 256.5 207.9 464 464 464a24 24 0 0 0 23.4-18.6l24-104a24.29 24.29 0 0 0-14.01-27.6z\"><\/path><\/svg>\t\t\t\t\t\t<\/span>\n\t\t\t\t\t\t\t\t\t\t<span class=\"elementor-icon-list-text\">Cung Mi - MD +84 908 33 11 95<\/span>\n\t\t\t\t\t\t\t\t\t<\/li>\n\t\t\t\t\t\t\t\t<li class=\"elementor-icon-list-item\">\n\t\t\t\t\t\t\t\t\t\t\t<span class=\"elementor-icon-list-icon\">\n\t\t\t\t\t\t\t<svg aria-hidden=\"true\" class=\"e-font-icon-svg e-fas-envelope\" viewbox=\"0 0 512 512\" xmlns=\"http:\/\/www.w3.org\/2000\/svg\"><path d=\"M502.3 190.8c3.9-3.1 9.7-.2 9.7 4.7V400c0 26.5-21.5 48-48 48H48c-26.5 0-48-21.5-48-48V195.6c0-5 5.7-7.8 9.7-4.7 22.4 17.4 52.1 39.5 154.1 113.6 21.1 15.4 56.7 47.8 92.2 47.6 35.7.3 72-32.8 92.3-47.6 102-74.1 131.6-96.3 154-113.7zM256 320c23.2.4 56.6-29.2 73.4-41.4 132.7-96.3 142.8-104.7 173.4-128.7 5.8-4.5 9.2-11.5 9.2-18.9v-19c0-26.5-21.5-48-48-48H48C21.5 64 0 85.5 0 112v19c0 7.4 3.4 14.3 9.2 18.9 30.6 23.9 40.7 32.4 173.4 128.7 16.8 12.2 50.2 41.8 73.4 41.4z\"><\/path><\/svg>\t\t\t\t\t\t<\/span>\n\t\t\t\t\t\t\t\t\t\t<span class=\"elementor-icon-list-text\"> business@ddhospitality.vn<\/span>\n\t\t\t\t\t\t\t\t\t<\/li>\n\t\t\t\t\t\t<\/ul>\n\t\t\t\t<\/div>\n\t\t\t\t<\/div>\n\t\t\t\t<div class=\"elementor-element elementor-element-4870f37c elementor-align-justify elementor-tablet-align-center elementor-widget elementor-widget-button\" data-id=\"4870f37c\" data-element_type=\"widget\" data-widget_type=\"button.default\">\n\t\t\t\t<div class=\"elementor-widget-container\">\n\t\t\t\t\t\t\t<div class=\"elementor-button-wrapper\">\n\t\t\t\t\t<a class=\"elementor-button elementor-button-link elementor-size-sm elementor-animation-shrink\" href=\"#\">\n\t\t\t\t\t\t<span class=\"elementor-button-content-wrapper\">\n\t\t\t\t\t\t\t\t\t<span class=\"elementor-button-text\">CONTACT US<\/span>\n\t\t\t\t\t<\/span>\n\t\t\t\t\t<\/a>\n\t\t\t\t<\/div>\n\t\t\t\t\t\t<\/div>\n\t\t\t\t<\/div>\n\t\t\t\t\t<\/div>\n\t\t<\/div>\n\t\t\t\t<div class=\"elementor-column elementor-col-33 elementor-top-column elementor-element elementor-element-1427c0d8\" data-id=\"1427c0d8\" data-element_type=\"column\">\n\t\t\t<div class=\"elementor-widget-wrap\">\n\t\t\t\t\t\t\t<\/div>\n\t\t<\/div>\n\t\t\t\t\t<\/div>\n\t\t<\/section>\n\t\t\t\t<\/div>","protected":false},"excerpt":{"rendered":"<p>Qu\u1ea7y L\u1ec5 T\u00e2n Lu\u00f4n M\u1edf Qu\u1ea7y l\u1ec5 t\u00e2n c\u1ee7a ch\u00fang t\u00f4i ho\u1ea1t \u0111\u1ed9ng 24\/7 \u0111\u1ec3 ph\u1ee5c v\u1ee5 m\u1ecdi nhu c\u1ea7u c\u1ee7a qu\u00fd kh\u00e1ch. D\u00f9 b\u1ea1n \u0111\u1ebfn s\u1edbm hay v\u1ec1 mu\u1ed9n, \u0111\u1ed9i ng\u0169 nh\u00e2n vi\u00ean th\u00e2n thi\u1ec7n lu\u00f4n s\u1eb5n s\u00e0ng h\u1ed7 tr\u1ee3 check-in, check-out, \u0111\u1eb7t d\u1ecbch v\u1ee5, v\u00e0 gi\u1ea3i \u0111\u00e1p m\u1ecdi th\u1eafc m\u1eafc \u0111\u1ec3 \u0111\u1ea3m b\u1ea3o [&hellip;]<\/p>","protected":false},"author":1,"featured_media":0,"parent":0,"menu_order":0,"comment_status":"closed","ping_status":"closed","template":"","meta":{"footnotes":""},"class_list":["post-483","page","type-page","status-publish","hentry"],"yoast_head":"<!-- This site is optimized with the Yoast SEO Premium plugin v20.9 (Yoast SEO v20.9) - https:\/\/yoast.com\/wordpress\/plugins\/seo\/ -->\n<title>Li\u00ean h\u1ec7 - DD Hospitality<\/title>\n<meta name=\"robots\" content=\"index, follow, max-snippet:-1, max-image-preview:large, max-video-preview:-1\" \/>\n<link rel=\"canonical\" href=\"https:\/\/hospitality.123websitedev.com\/en\/lien-he\/\" \/>\n<meta property=\"og:locale\" content=\"en_US\" \/>\n<meta property=\"og:type\" content=\"article\" \/>\n<meta property=\"og:title\" content=\"Li\u00ean h\u1ec7\" \/>\n<meta property=\"og:description\" content=\"Qu\u1ea7y L\u1ec5 T\u00e2n Lu\u00f4n M\u1edf Qu\u1ea7y l\u1ec5 t\u00e2n c\u1ee7a ch\u00fang t\u00f4i ho\u1ea1t \u0111\u1ed9ng 24\/7 \u0111\u1ec3 ph\u1ee5c v\u1ee5 m\u1ecdi nhu c\u1ea7u c\u1ee7a qu\u00fd kh\u00e1ch. D\u00f9 b\u1ea1n \u0111\u1ebfn s\u1edbm hay v\u1ec1 mu\u1ed9n, \u0111\u1ed9i ng\u0169 nh\u00e2n vi\u00ean th\u00e2n thi\u1ec7n lu\u00f4n s\u1eb5n s\u00e0ng h\u1ed7 tr\u1ee3 check-in, check-out, \u0111\u1eb7t d\u1ecbch v\u1ee5, v\u00e0 gi\u1ea3i \u0111\u00e1p m\u1ecdi th\u1eafc m\u1eafc \u0111\u1ec3 \u0111\u1ea3m b\u1ea3o [&hellip;]\" \/>\n<meta property=\"og:url\" content=\"https:\/\/hospitality.123websitedev.com\/en\/lien-he\/\" \/>\n<meta property=\"og:site_name\" content=\"DD Hospitality\" \/>\n<meta property=\"article:modified_time\" content=\"2025-10-01T08:34:45+00:00\" \/>\n<meta property=\"og:image\" content=\"https:\/\/hospitality.123websitedev.com\/wp-content\/uploads\/2022\/03\/img-3-1.png\" \/>\n<meta name=\"twitter:card\" content=\"summary_large_image\" \/>\n<meta name=\"twitter:label1\" content=\"Est. reading time\" \/>\n\t<meta name=\"twitter:data1\" content=\"2 minutes\" \/>\n<script type=\"application\/ld+json\" class=\"yoast-schema-graph\">{\"@context\":\"https:\/\/schema.org\",\"@graph\":[{\"@type\":\"WebPage\",\"@id\":\"https:\/\/hospitality.123websitedev.com\/lien-he\/\",\"url\":\"https:\/\/hospitality.123websitedev.com\/lien-he\/\",\"name\":\"Li\u00ean h\u1ec7 - DD Hospitality\",\"isPartOf\":{\"@id\":\"https:\/\/hospitality.123websitedev.com\/#website\"},\"datePublished\":\"2021-03-30T10:06:02+00:00\",\"dateModified\":\"2025-10-01T08:34:45+00:00\",\"breadcrumb\":{\"@id\":\"https:\/\/hospitality.123websitedev.com\/lien-he\/#breadcrumb\"},\"inLanguage\":\"en-US\",\"potentialAction\":[{\"@type\":\"ReadAction\",\"target\":[\"https:\/\/hospitality.123websitedev.com\/lien-he\/\"]}]},{\"@type\":\"BreadcrumbList\",\"@id\":\"https:\/\/hospitality.123websitedev.com\/lien-he\/#breadcrumb\",\"itemListElement\":[{\"@type\":\"ListItem\",\"position\":1,\"name\":\"Home\",\"item\":\"https:\/\/hospitality.123websitedev.com\/\"},{\"@type\":\"ListItem\",\"position\":2,\"name\":\"Li\u00ean h\u1ec7\"}]},{\"@type\":\"WebSite\",\"@id\":\"https:\/\/hospitality.123websitedev.com\/#website\",\"url\":\"https:\/\/hospitality.123websitedev.com\/\",\"name\":\"DD Hospitality\",\"description\":\"DD Hospitality m\u1edf ra m\u1ed9t ch\u01b0\u01a1ng m\u1edbi, v\u1edbi ch\u1ea5t li\u1ec7u xu\u1ea5t ph\u00e1t t\u1eeb n\u1ec1n t\u1ea3ng c\u1ed1t l\u00f5i, kh\u1eb3ng \u0111\u1ecbnh s\u1ef1 ph\u00e1t tri\u1ec3n ngh\u1ec1 t\u1eeb ch\u00ednh con ng\u01b0\u1eddi.\",\"publisher\":{\"@id\":\"https:\/\/hospitality.123websitedev.com\/#organization\"},\"potentialAction\":[{\"@type\":\"SearchAction\",\"target\":{\"@type\":\"EntryPoint\",\"urlTemplate\":\"https:\/\/hospitality.123websitedev.com\/?s={search_term_string}\"},\"query-input\":\"required name=search_term_string\"}],\"inLanguage\":\"en-US\"},{\"@type\":\"Organization\",\"@id\":\"https:\/\/hospitality.123websitedev.com\/#organization\",\"name\":\"DD Hospitality\",\"url\":\"https:\/\/hospitality.123websitedev.com\/\",\"logo\":{\"@type\":\"ImageObject\",\"inLanguage\":\"en-US\",\"@id\":\"https:\/\/hospitality.123websitedev.com\/#\/schema\/logo\/image\/\",\"url\":\"https:\/\/hospitality.123websitedev.com\/wp-content\/uploads\/2025\/09\/1-2-Setup-DDH-x-PPMVN-1.png\",\"contentUrl\":\"https:\/\/hospitality.123websitedev.com\/wp-content\/uploads\/2025\/09\/1-2-Setup-DDH-x-PPMVN-1.png\",\"width\":300,\"height\":57,\"caption\":\"DD Hospitality\"},\"image\":{\"@id\":\"https:\/\/hospitality.123websitedev.com\/#\/schema\/logo\/image\/\"}}]}<\/script>\n<!-- \/ Yoast SEO Premium plugin. -->","yoast_head_json":{"title":"Li\u00ean h\u1ec7 - DD Hospitality","robots":{"index":"index","follow":"follow","max-snippet":"max-snippet:-1","max-image-preview":"max-image-preview:large","max-video-preview":"max-video-preview:-1"},"canonical":"https:\/\/hospitality.123websitedev.com\/en\/lien-he\/","og_locale":"en_US","og_type":"article","og_title":"Li\u00ean h\u1ec7","og_description":"Qu\u1ea7y L\u1ec5 T\u00e2n Lu\u00f4n M\u1edf Qu\u1ea7y l\u1ec5 t\u00e2n c\u1ee7a ch\u00fang t\u00f4i ho\u1ea1t \u0111\u1ed9ng 24\/7 \u0111\u1ec3 ph\u1ee5c v\u1ee5 m\u1ecdi nhu c\u1ea7u c\u1ee7a qu\u00fd kh\u00e1ch. D\u00f9 b\u1ea1n \u0111\u1ebfn s\u1edbm hay v\u1ec1 mu\u1ed9n, \u0111\u1ed9i ng\u0169 nh\u00e2n vi\u00ean th\u00e2n thi\u1ec7n lu\u00f4n s\u1eb5n s\u00e0ng h\u1ed7 tr\u1ee3 check-in, check-out, \u0111\u1eb7t d\u1ecbch v\u1ee5, v\u00e0 gi\u1ea3i \u0111\u00e1p m\u1ecdi th\u1eafc m\u1eafc \u0111\u1ec3 \u0111\u1ea3m b\u1ea3o [&hellip;]","og_url":"https:\/\/hospitality.123websitedev.com\/en\/lien-he\/","og_site_name":"DD Hospitality","article_modified_time":"2025-10-01T08:34:45+00:00","og_image":[{"url":"https:\/\/hospitality.123websitedev.com\/wp-content\/uploads\/2022\/03\/img-3-1.png"}],"twitter_card":"summary_large_image","twitter_misc":{"Est. reading time":"2 minutes"},"schema":{"@context":"https:\/\/schema.org","@graph":[{"@type":"WebPage","@id":"https:\/\/hospitality.123websitedev.com\/lien-he\/","url":"https:\/\/hospitality.123websitedev.com\/lien-he\/","name":"Li\u00ean h\u1ec7 - DD Hospitality","isPartOf":{"@id":"https:\/\/hospitality.123websitedev.com\/#website"},"datePublished":"2021-03-30T10:06:02+00:00","dateModified":"2025-10-01T08:34:45+00:00","breadcrumb":{"@id":"https:\/\/hospitality.123websitedev.com\/lien-he\/#breadcrumb"},"inLanguage":"en-US","potentialAction":[{"@type":"ReadAction","target":["https:\/\/hospitality.123websitedev.com\/lien-he\/"]}]},{"@type":"BreadcrumbList","@id":"https:\/\/hospitality.123websitedev.com\/lien-he\/#breadcrumb","itemListElement":[{"@type":"ListItem","position":1,"name":"Home","item":"https:\/\/hospitality.123websitedev.com\/"},{"@type":"ListItem","position":2,"name":"Li\u00ean h\u1ec7"}]},{"@type":"WebSite","@id":"https:\/\/hospitality.123websitedev.com\/#website","url":"https:\/\/hospitality.123websitedev.com\/","name":"DD Hospitality","description":"DD Hospitality m\u1edf ra m\u1ed9t ch\u01b0\u01a1ng m\u1edbi, v\u1edbi ch\u1ea5t li\u1ec7u xu\u1ea5t ph\u00e1t t\u1eeb n\u1ec1n t\u1ea3ng c\u1ed1t l\u00f5i, kh\u1eb3ng \u0111\u1ecbnh s\u1ef1 ph\u00e1t tri\u1ec3n ngh\u1ec1 t\u1eeb ch\u00ednh con ng\u01b0\u1eddi.","publisher":{"@id":"https:\/\/hospitality.123websitedev.com\/#organization"},"potentialAction":[{"@type":"SearchAction","target":{"@type":"EntryPoint","urlTemplate":"https:\/\/hospitality.123websitedev.com\/?s={search_term_string}"},"query-input":"required name=search_term_string"}],"inLanguage":"en-US"},{"@type":"Organization","@id":"https:\/\/hospitality.123websitedev.com\/#organization","name":"DD Hospitality","url":"https:\/\/hospitality.123websitedev.com\/","logo":{"@type":"ImageObject","inLanguage":"en-US","@id":"https:\/\/hospitality.123websitedev.com\/#\/schema\/logo\/image\/","url":"https:\/\/hospitality.123websitedev.com\/wp-content\/uploads\/2025\/09\/1-2-Setup-DDH-x-PPMVN-1.png","contentUrl":"https:\/\/hospitality.123websitedev.com\/wp-content\/uploads\/2025\/09\/1-2-Setup-DDH-x-PPMVN-1.png","width":300,"height":57,"caption":"DD Hospitality"},"image":{"@id":"https:\/\/hospitality.123websitedev.com\/#\/schema\/logo\/image\/"}}]}},"_links":{"self":[{"href":"https:\/\/hospitality.123websitedev.com\/en\/wp-json\/wp\/v2\/pages\/483","targetHints":{"allow":["GET"]}}],"collection":[{"href":"https:\/\/hospitality.123websitedev.com\/en\/wp-json\/wp\/v2\/pages"}],"about":[{"href":"https:\/\/hospitality.123websitedev.com\/en\/wp-json\/wp\/v2\/types\/page"}],"author":[{"embeddable":true,"href":"https:\/\/hospitality.123websitedev.com\/en\/wp-json\/wp\/v2\/users\/1"}],"replies":[{"embeddable":true,"href":"https:\/\/hospitality.123websitedev.com\/en\/wp-json\/wp\/v2\/comments?post=483"}],"version-history":[{"count":44,"href":"https:\/\/hospitality.123websitedev.com\/en\/wp-json\/wp\/v2\/pages\/483\/revisions"}],"predecessor-version":[{"id":8036,"href":"https:\/\/hospitality.123websitedev.com\/en\/wp-json\/wp\/v2\/pages\/483\/revisions\/8036"}],"wp:attachment":[{"href":"https:\/\/hospitality.123websitedev.com\/en\/wp-json\/wp\/v2\/media?parent=483"}],"curies":[{"name":"wp","href":"https:\/\/api.w.org\/{rel}","templated":true}]}}